{"id":664,"date":"2023-09-28T10:36:16","date_gmt":"2023-09-28T10:36:16","guid":{"rendered":"https:\/\/dd-innovation.hr\/?post_type=product&#038;p=664"},"modified":"2026-03-27T13:37:24","modified_gmt":"2026-03-27T13:37:24","slug":"gleteri-ravni-2","status":"publish","type":"product","link":"https:\/\/dd-innovation.hr\/en\/product\/gleteri-ravni-2\/","title":{"rendered":"Flat trowels | Professional trowel for ceramicists and masons"},"content":{"rendered":"<p>Flat trowels are made for professional and precise application when laying tiles, smoothing and finishing surfaces.<br \/>\nThey are made of high-quality stainless steel with an ergonomic handle that allows for safe and comfortable handling.<br \/>\nAvailable in dimensions 28\u00d712 cm, 36\u00d712 cm and 48\u00d714 cm, they are ideal for different stages of substrate preparation and material application.<br \/>\nA reliable tool for ceramists, self-painters and builders looking for precision and durability.<\/p>","protected":false},"excerpt":{"rendered":"<p>Ravni gleteri izra\u0111eni su za profesionalnu i preciznu primjenu kod postavljanja plo\u010dica, gletanja i zavr\u0161ne obrade povr\u0161ina. Izra\u0111eni su od kvalitetnog nehr\u0111aju\u0107eg \u010delika s ergonomskom dr\u0161kom koja omogu\u0107uje sigurno i udobno rukovanje. Dostupni u dimenzijama 28&#215;12 cm, 36&#215;12 cm i 48&#215;14 cm, idealni su za razli\u010dite faze pripreme podloge i nano\u0161enja materijala. Pouzdan alat za [&hellip;]<\/p>","protected":false},"featured_media":671,"template":"","meta":{"inline_featured_image":false},"product_brand":[],"product_cat":[24],"product_tag":[],"class_list":{"0":"post-664","1":"product","2":"type-product","3":"status-publish","4":"has-post-thumbnail","6":"product_cat-alati-i-pribor","8":"first","9":"instock","10":"shipping-taxable","11":"purchasable","12":"product-type-variable"},"_links":{"self":[{"href":"https:\/\/dd-innovation.hr\/en\/wp-json\/wp\/v2\/product\/664","targetHints":{"allow":["GET"]}}],"collection":[{"href":"https:\/\/dd-innovation.hr\/en\/wp-json\/wp\/v2\/product"}],"about":[{"href":"https:\/\/dd-innovation.hr\/en\/wp-json\/wp\/v2\/types\/product"}],"wp:featuredmedia":[{"embeddable":true,"href":"https:\/\/dd-innovation.hr\/en\/wp-json\/wp\/v2\/media\/671"}],"wp:attachment":[{"href":"https:\/\/dd-innovation.hr\/en\/wp-json\/wp\/v2\/media?parent=664"}],"wp:term":[{"taxonomy":"product_brand","embeddable":true,"href":"https:\/\/dd-innovation.hr\/en\/wp-json\/wp\/v2\/product_brand?post=664"},{"taxonomy":"product_cat","embeddable":true,"href":"https:\/\/dd-innovation.hr\/en\/wp-json\/wp\/v2\/product_cat?post=664"},{"taxonomy":"product_tag","embeddable":true,"href":"https:\/\/dd-innovation.hr\/en\/wp-json\/wp\/v2\/product_tag?post=664"}],"curies":[{"name":"wp","href":"https:\/\/api.w.org\/{rel}","templated":true}]}}